{"id":558,"date":"2024-12-15T17:26:47","date_gmt":"2024-12-15T16:26:47","guid":{"rendered":"http:\/\/2024.skiclub-emmering.de\/?page_id=558"},"modified":"2026-01-05T20:09:58","modified_gmt":"2026-01-05T19:09:58","slug":"agb","status":"publish","type":"page","link":"https:\/\/www.skiclub-emmering.de\/?page_id=558","title":{"rendered":"AGB"},"content":{"rendered":"\n<p><strong>AGB Tagesfahrten und Skiwochenende<\/strong><\/p>\n\n\n\n<p><strong>Anmeldung<\/strong>:<br>Die Anmeldung muss schriftlich erfolgen, in der Regel online \u00fcber<br>www.skiclub-emmering.de<\/p>\n\n\n\n<p>Anmeldeschluss f\u00fcr Tagesfahrten ist Montag vor der jeweiligen Fahrt. Die Anmeldung hat erst mit Bezahlung des Fahrpreises auf das Ski-Club-Konto G\u00fcltigkeit. Bei Nichtbezahlung beh\u00e4lt sich der Ski-Club Emmering e.V. vor, den Platz anderweitig zu vergeben Es besteht dann kein Anspruch auf Mitfahrt. Es gilt die Reihenfolge der bezahlten Anmeldungen. Kostenfreie Stornierungen sind bis zum Anmeldeschluss Montag, 12 Uhr m\u00f6glich. Bei Nichtantritt der Fahrt wird der Buspreis nicht erstattet. Der Anteil des Skipasses wird erstattet. Bei Nichtantritt der R\u00fcckfahrt zur vereinbarten Abfahrtszeit muss der Teilnehmer auf eigene Kosten die R\u00fcckreise antreten. Es entstehen dadurch keine Anspr\u00fcche gegen den Ski-Club Emmering e.V.<\/p>\n\n\n\n<p><strong>F\u00fcr das Skiwochenende gelten gesonderte Bedingungen.<\/strong><\/p>\n\n\n\n<p><br><em>Kinder und Jugendliche unter 15 Jahren<\/em> k\u00f6nnen nur in Begleitung eines Erwachsenen an der Fahrt teilnehmen. <em>Jugendliche ab 15 Jahren<\/em> bis zur Vollj\u00e4hrigkeit m\u00fcssen beim Einstieg in den Skibus eine Einverst\u00e4ndniserkl\u00e4rung und Entbindung der Aufsichtspflicht (s. Formular ganz unten, bitte herunterladen) vorweisen. Ohne ausgef\u00fclltes Formular k\u00f6nnen Jugendliche nicht an der Fahrt teilnehmen.<\/p>\n\n\n\n<p><strong>Haftungsausschluss<\/strong>:<br>Der Ski-Club Emmering e.V. haftet nicht bei Unfall, Verletzungen, Sch\u00e4digungen, Verlust, Diebstahl, Versp\u00e4tungen und sonstigen Unw\u00e4gbarkeiten. Die Teilnahme an unserem Programm erfolgt auf eigene Gefahr. Im Falle eines Unfalls besteht f\u00fcr Mitglieder des Ski-Club Emmering e.V. sowie f\u00fcr Mitglieder eines anderen, dem Bayerischen Landessportverband (BLSV) angegliederten Vereins, eine subsidi\u00e4re Unfallversicherung \u00fcber den BLSV.<\/p>\n\n\n\n<p>Die Busfahrt ist durch die Versicherung des Busunternehmens abgedeckt.<\/p>\n\n\n\n<p>Der Ski-Club Emmering e.V. beh\u00e4lt sich vor, die Fahrtziele (z.B. wegen Schneemangel) kurzfristig, u.U. auch erst w\u00e4hrend der Fahrt, zu \u00e4ndern. Bei ungen\u00fcgender Teilnehmerzahl kann die Fahrt abgesagt werden. Der bereits bezahlte Preis wird in vollem Umfang erstattet. Weitergehende Anspr\u00fcche entstehen nicht.<\/p>\n\n\n\n<p>Durch die Anmeldung best\u00e4tigt der\/die Teilnehmer\/in ausdr\u00fccklich und rechtsverbindlich, mit den Teilnahmebedingungeneinverstanden zu sein.<\/p>\n\n\n\n<p>Der Teilnehmer ist f\u00fcr die Einhaltung der Pass-, Versicherungs- und Gesundheitsbestimmungen selbst verantwortlich.<\/p>\n\n\n\n<p>Alle Nachteile, die aus der Nichtbefolgung dieser Vorschriften entstehen, gehen zu seinen Lasten.<\/p>\n\n\n\n<p>Eine Reiser\u00fccktrittsversicherung wird empfohlen.<\/p>\n\n\n\n<p>Der Teilnehmer willigt ein, dass er w\u00e4hrend der Fahrten des Ski-Club Emmering e.V. fotografiert und diese Bilder im Rahmen der Eigenwerbung des Ski-Club Emmering e.V. verwendet werden d\u00fcrfen. Diese Einwilligung kann jederzeit schriftlich widerrufen werden.<\/p>\n\n\n\n<div class=\"wp-block-file\"><a id=\"wp-block-file--media-7b16ee32-b9df-4ca8-88e8-601693578a29\" href=\"http:\/\/www.skiclub-emmering.de\/wp-content\/uploads\/2026\/01\/Entbindung-Aufsichtspflicht.pdf\">Entbindung Aufsichtspflicht<\/a><a href=\"http:\/\/www.skiclub-emmering.de\/wp-content\/uploads\/2026\/01\/Entbindung-Aufsichtspflicht.pdf\" class=\"wp-block-file__button wp-element-button\" download aria-describedby=\"wp-block-file--media-7b16ee32-b9df-4ca8-88e8-601693578a29\">Herunterladen<\/a><\/div>\n","protected":false},"excerpt":{"rendered":"<p>AGB Tagesfahrten und Skiwochenende Anmeldung:Die Anmeldung muss schriftlich erfolgen, in der Regel online \u00fcberwww.skiclub-emmering.de Anmeldeschluss f\u00fcr Tagesfahrten ist Montag vor der jeweiligen Fahrt. Die Anmeldung&hellip;<\/p>\n","protected":false},"author":5,"featured_media":0,"parent":0,"menu_order":0,"comment_status":"closed","ping_status":"closed","template":"","meta":{"_acf_changed":false,"footnotes":""},"class_list":["post-558","page","type-page","status-publish","hentry"],"acf":[],"_links":{"self":[{"href":"https:\/\/www.skiclub-emmering.de\/index.php?rest_route=\/wp\/v2\/pages\/558","targetHints":{"allow":["GET"]}}],"collection":[{"href":"https:\/\/www.skiclub-emmering.de\/index.php?rest_route=\/wp\/v2\/pages"}],"about":[{"href":"https:\/\/www.skiclub-emmering.de\/index.php?rest_route=\/wp\/v2\/types\/page"}],"author":[{"embeddable":true,"href":"https:\/\/www.skiclub-emmering.de\/index.php?rest_route=\/wp\/v2\/users\/5"}],"replies":[{"embeddable":true,"href":"https:\/\/www.skiclub-emmering.de\/index.php?rest_route=%2Fwp%2Fv2%2Fcomments&post=558"}],"version-history":[{"count":7,"href":"https:\/\/www.skiclub-emmering.de\/index.php?rest_route=\/wp\/v2\/pages\/558\/revisions"}],"predecessor-version":[{"id":829,"href":"https:\/\/www.skiclub-emmering.de\/index.php?rest_route=\/wp\/v2\/pages\/558\/revisions\/829"}],"wp:attachment":[{"href":"https:\/\/www.skiclub-emmering.de\/index.php?rest_route=%2Fwp%2Fv2%2Fmedia&parent=558"}],"curies":[{"name":"wp","href":"https:\/\/api.w.org\/{rel}","templated":true}]}}