{"id":75,"date":"2024-06-18T20:50:11","date_gmt":"2024-06-18T18:50:11","guid":{"rendered":"http:\/\/192.168.2.16\/?page_id=75"},"modified":"2025-02-09T17:46:15","modified_gmt":"2025-02-09T16:46:15","slug":"sommerprogramm","status":"publish","type":"page","link":"https:\/\/www.skiclub-emmering.de\/?page_id=75","title":{"rendered":"Sommerprogramm"},"content":{"rendered":"\n<p><strong>Ziemlich munter, rauf und runter,<\/strong> <strong>mit uns in die Berge<\/strong><\/p>\n\n\n\n<p>Servus, liebe Mitglieder und bergwander-interessierte Freunde des Skiclub Emmering<\/p>\n\n\n\n<p>Der Skiclub ist auch im Sommer aktiv!<br>Wenn das Wetter passt, bieten wir unseren Mitgliedern und G\u00e4sten verschiedene Veranstaltungen an, wie z.B. ein Dampfnudel-Essen am Ende der Skisaison, Wanderungen in Berg und Tal, Tagesausfl\u00fcge mit dem Fahrrad, Sommerfest  in Aich.<br>Diese Termine findet ihr dann auf unserer Homepage mit n\u00e4heren Infos. Unter Umst\u00e4nden erst relativ kurz vor der Veranstaltung, wenn das Wetter nicht vorhersehbar ist. Wir organisieren uns auch \u00fcber eine WhatsApp-Gruppe. Bei Interesse bitte unter <b>info@skiclub-emmering.de<\/b> anmelden.<\/p>\n\n\n\n<p>Die Mitglieder vom Vorstand arbeiten ehrenamtlich die Ziele aus. Jeder der mitmachen m\u00f6chte, tr\u00e4gt dabei die volle Verantwortung f\u00fcr sich selbst. F\u00fcr die Teilnahme empfehlen wir die Mitgliedschaft im Skiclub Emmering oder einem anderen Sportclub, da selbst bei einfachen Wanderungen\/Radtouren Unf\u00e4lle passieren k\u00f6nnen.<\/p>\n\n\n\n<p><br>Wir freuen uns, wenn ihr auch im Sommer dabei seid<br>das Team vom Skiclub Emmering e,V,<\/p>\n\n\n\n<p><strong>Was Ihr zu der Teilnahme an unseren Touren wissen m\u00fcsst<\/strong><\/p>\n\n\n\n<p>Die Ziele der Touren sind vorbereitet, aber keine F\u00fchrungstouren.<strong>&nbsp;<\/strong>Die Akteure k\u00fcmmern sich nur ehrenamtlich um den organisatorischen Rahmen. Ihnen obliegt nicht die bergsportliche Leitung der Unternehmungen. Das hei\u00dft, jeder Teilnehmer muss seine F\u00e4higkeiten f\u00fcr die jeweilige Tour selbst einsch\u00e4tzen. Die Verantwortung tr\u00e4gt jeder f\u00fcr sich selbst. Bei Teilnahme von Familien behalten die Eltern die Verantwortung.<strong><\/strong><\/p>\n\n\n\n<p><\/p>\n\n\n\n<p><\/p>\n","protected":false},"excerpt":{"rendered":"<p>Ziemlich munter, rauf und runter, mit uns in die Berge Servus, liebe Mitglieder und bergwander-interessierte Freunde des Skiclub Emmering Der Skiclub ist auch im Sommer&hellip;<\/p>\n","protected":false},"author":1,"featured_media":0,"parent":0,"menu_order":0,"comment_status":"closed","ping_status":"closed","template":"","meta":{"_acf_changed":false,"footnotes":""},"class_list":["post-75","page","type-page","status-publish","hentry"],"acf":[],"_links":{"self":[{"href":"https:\/\/www.skiclub-emmering.de\/index.php?rest_route=\/wp\/v2\/pages\/75","targetHints":{"allow":["GET"]}}],"collection":[{"href":"https:\/\/www.skiclub-emmering.de\/index.php?rest_route=\/wp\/v2\/pages"}],"about":[{"href":"https:\/\/www.skiclub-emmering.de\/index.php?rest_route=\/wp\/v2\/types\/page"}],"author":[{"embeddable":true,"href":"https:\/\/www.skiclub-emmering.de\/index.php?rest_route=\/wp\/v2\/users\/1"}],"replies":[{"embeddable":true,"href":"https:\/\/www.skiclub-emmering.de\/index.php?rest_route=%2Fwp%2Fv2%2Fcomments&post=75"}],"version-history":[{"count":4,"href":"https:\/\/www.skiclub-emmering.de\/index.php?rest_route=\/wp\/v2\/pages\/75\/revisions"}],"predecessor-version":[{"id":646,"href":"https:\/\/www.skiclub-emmering.de\/index.php?rest_route=\/wp\/v2\/pages\/75\/revisions\/646"}],"wp:attachment":[{"href":"https:\/\/www.skiclub-emmering.de\/index.php?rest_route=%2Fwp%2Fv2%2Fmedia&parent=75"}],"curies":[{"name":"wp","href":"https:\/\/api.w.org\/{rel}","templated":true}]}}